{"id":1465,"date":"2025-12-01T12:52:45","date_gmt":"2025-12-01T12:52:45","guid":{"rendered":"https:\/\/retrozinocasino.com\/login-and-registration\/"},"modified":"2025-12-01T12:54:46","modified_gmt":"2025-12-01T12:54:46","slug":"inloggen-en-registreren","status":"publish","type":"page","link":"https:\/\/retrozinocasino.com\/nl\/inloggen-en-registreren\/","title":{"rendered":"Inloggen en Registreren"},"content":{"rendered":"<h1>Retrozino Login, Registratie &amp; Accountbeheer<\/h1>\n<p>Om toegang te krijgen tot het volledige aanbod van spellen van populaire softwareproviders, moeten gebruikers het Retrozino-loginproces voltooien. De procedure is duidelijk, ook voor nieuwe spelers. Registratie is beschikbaar voor personen van 18 jaar en ouder. Elke gebruiker mag slechts \u00e9\u00e9n account hebben, aangezien meerdere accounts per persoon niet zijn toegestaan.<\/p>\n<p><div class=\"banner-wrap\" aria-label=\"Banner\"><img src=\"https:\/\/retrozinocasino.com\/wp-content\/uploads\/2025\/12\/Retrozino-banner-carousel-800\u044540.webp\" class=\"w-100 d-none d-lg-block img-pc main-banner-img\" alt=\"retrozino bonus\" fetchpriority=\"high\" decoding=\"async\"><img src=\"https:\/\/retrozinocasino.com\/wp-content\/uploads\/2025\/12\/Frame-31-1.webp\" class=\"w-100 d-none d-md-block d-lg-none main-banner-img\" alt=\"retrozino bonus\" fetchpriority=\"high\" decoding=\"async\"><img src=\"https:\/\/retrozinocasino.com\/wp-content\/uploads\/2025\/12\/Frame-31-1.webp\" class=\"w-100 d-md-none\" alt=\"retrozino bonus\" fetchpriority=\"high\" decoding=\"async\"><div class=\"banner-description\">\n<div class=\"banner-title\">Welkomstbonussen<\/div>\n<p class=\"banner-header-title\">1500 \u20ac<\/p>\n<div class=\"banner-header-AdditionalText\">+ 250 Gratis Spins<\/div>\n<button data-item=\"homepage_banner_link\" class=\"goto m-button m-gradient-border m-button--primary m-button--large banner-button btn-orange\">\n            <div class=\"m-button-content\">\n                <span>Nu aanmelden<\/span>\n                <span><\/span>\n            <\/div>\n        <\/button>\n<\/div>\n<div class=\"WelcomePack\">\n<p><img loading=\"lazy\" decoding=\"async\" class=\"alignnone size-full wp-image-1388\" src=\"https:\/\/retrozinocasino.com\/wp-content\/uploads\/2025\/12\/welcome-crown.svg\" alt=\"welcome crown\" width=\"25\" height=\"26\" \/><\/p>\n<div class=\"WelcomePack-Info\">Wekelijkse Cashback tot 25%<\/div>\n<p><img loading=\"lazy\" decoding=\"async\" class=\"alignnone size-full wp-image-1388\" src=\"https:\/\/retrozinocasino.com\/wp-content\/uploads\/2025\/12\/welcome-crown.svg\" alt=\"welcome crown\" width=\"25\" height=\"26\" \/><\/p>\n<\/div>\n<\/div><div class=\"scrollable-content-wrap my-5\"><div class=\"scrollable-content-inner\"><h2>Registreren bij Retrozino Casino<\/h2>\n<p>De registratie bij Retrozino Casino duurt slechts enkele minuten en biedt toegang tot alle functies van het platform. Na registratie kunnen gebruikers stortingen doen, deelnemen aan promoties, meer dan 6.000 spellen spelen en winsten opnemen.<\/p>\n<p>Om het registratieproces te voltooien:<\/p>\n<ol>\n<li>Bezoek de Retrozino-website op een pc of mobiel apparaat. Het platform is compatibel met alle moderne browsers.<\/li>\n<li>Klik op de knop \u201cSign Up\u201d in de rechterbovenhoek van de startpagina.<\/li>\n<li>Voer een e-mailadres in en maak een wachtwoord aan (minimaal zes tekens).<\/li>\n<li>Accepteer de algemene voorwaarden van de website en bevestig dat je 18 jaar of ouder bent.<\/li>\n<li>Vul het registratieformulier in met persoonlijke gegevens, zoals naam, adres en telefoonnummer.<\/li>\n<\/ol>\n<p>Na voltooiing van alle stappen wordt automatisch ingelogd. Gebruikers kunnen hun eerste storting doen of spellen uitproberen in de demomodus zonder risico. Voor toekomstige sessies is het Retrozino-loginproces vereist om toegang te krijgen tot alle functies van het platform.<\/p>\n<h2>Veilige Toegang en Beheer van Uw Account bij Retrozino<\/h2>\n<p>Het Retrozino-loginproces geeft toegang tot alle functies van het platform, waaronder meer dan 6.000 spellen, betaalopties, meertalige klantenservice en meer. Om in te loggen hoeven gebruikers alleen het e-mailadres en wachtwoord in te voeren dat tijdens de registratie is gebruikt.<\/p>\n<p>Het persoonlijke account bevat verschillende hulpmiddelen en functies ter ondersteuning van de gebruikerservaring. Belangrijke functies die beschikbaar zijn na het voltooien van de Retrozino-login, worden hieronder weergegeven.<\/p>\n<table>\n<tbody>\n<tr>\n<td>Functie<\/td>\n<td>Details<\/td>\n<\/tr>\n<tr>\n<td>Transactiegeschiedenis<\/td>\n<td>Gebruikers kunnen hun volledige stortings-, opname- en wedgeschiedenis bekijken in hun Retro zino-account.<\/td>\n<\/tr>\n<tr>\n<td>Identiteitsverificatie (KYC)<\/td>\n<td>Gebruikers kunnen in hun persoonlijke account identificatiedocumenten uploaden om de verificatie te voltooien en opnames op Retro zino mogelijk te maken.<\/td>\n<\/tr>\n<tr>\n<td>Hulpmiddelen voor verantwoord gokken<\/td>\n<td>Gebruikers kunnen limieten instellen voor stortingen, verliezen en sessieduur. Daarnaast zijn er indien nodig zelfuitsluitingsopties beschikbaar.<\/td>\n<\/tr>\n<tr>\n<td>Beheer van persoonsgegevens<\/td>\n<td>Gebruikers kunnen hun persoonlijke gegevens, zoals e-mailadres, adres of wachtwoord, veilig bijwerken in hun Retro zino-account.<\/td>\n<\/tr>\n<tr>\n<td>Beveiligingsinstellingen<\/td>\n<td>Gebruikers kunnen tweefactorauthenticatie of biometrische aanmelding inschakelen voor extra accountbeveiliging op Retro zino.<\/td>\n<\/tr>\n<\/tbody>\n<\/table>\n<h3>Wachtwoord Vergeten?<\/h3>\n<p>Als een gebruiker zijn wachtwoord vergeet, biedt Retrozino een veilige functie om het wachtwoord opnieuw in te stellen. Dit zorgt ervoor dat accountgegevens beschermd blijven.<\/p>\n<p>Om het wachtwoord opnieuw in te stellen:<\/p>\n<ol>\n<li>Klik op de link \u201cForgot password?\u201d in het inlogformulier.<\/li>\n<li>Voer het e-mailadres in dat aan het Retrozino-account is gekoppeld.<\/li>\n<li>Er wordt een resetlink naar het opgegeven e-mailadres gestuurd.<\/li>\n<li>Volg de link om een nieuw wachtwoord aan te maken, zodat u in de toekomst soepel toegang heeft tot uw account.<\/li>\n<\/ol>\n<h2>Accountverificatieproces bij Retrozino Casino<\/h2>\n<p>Sommige gebruikers kunnen zich zorgen maken over het verificatieproces. Bij Retrozino is deze procedure ontworpen om fraude te voorkomen en een veilige en eerlijke omgeving te waarborgen. Elke persoon mag slechts \u00e9\u00e9n account hebben.<\/p>\n<p>Verificatie is vereist v\u00f3\u00f3r de eerste opname. Gebruikers worden gevraagd kopie\u00ebn of foto\u2019s van bepaalde persoonlijke documenten te uploaden, die binnen 48 uur door het ondersteuningsteam worden gecontroleerd. Vereiste documenten zijn onder andere:<\/p>\n<ul>\n<li>Paspoort, identiteitskaart of rijbewijs<\/li>\n<li>Nutsrekening (niet ouder dan zes maanden) of bankafschrift<\/li>\n<li>Screenshot of verklaring ter bevestiging van eigendom van de betaalrekening<\/li>\n<\/ul>\n<h2>FAQ<\/h2>\n<h3>Hoe kan ik mijn account verifi\u00ebren?<\/h3>\n<p>Voor de eerste opname wordt van gebruikers gevraagd persoonlijke documenten te uploaden bij Retrozino. Deze stap helpt fraude te voorkomen en zorgt voor eerlijk spel voor alle gebruikers.<\/p>\n<h3>Kan ik mijn wachtwoord of e-mailadres wijzigen?<\/h3>\n<p>Gebruikers kunnen hun persoonlijke en betaalinformatie op elk moment bijwerken via de accountinstellingen.<\/p>\n<h3>Wat moet ik doen als mijn account is vergrendeld?<\/h3>\n<p>Als een account is vergrendeld, stuurt Retrozino een e-mail met details en verdere instructies. Indien er geen e-mail wordt ontvangen, moeten gebruikers contact opnemen met het ondersteuningsteam via livechat of e-mail.<\/p>\n<\/div><\/div><\/p>\n","protected":false},"excerpt":{"rendered":"<p>Retrozino Login, Registratie &amp; Accountbeheer Om toegang te krijgen tot het volledige aanbod van spellen van populaire softwareproviders, moeten gebruikers het Retrozino-loginproces voltooien. De procedure is duidelijk, ook voor nieuwe spelers. Registratie is beschikbaar voor personen van 18 jaar en ouder. Elke gebruiker mag slechts \u00e9\u00e9n account hebben, aangezien meerdere accounts per persoon niet zijn [&hellip;]<\/p>\n","protected":false},"author":1,"featured_media":0,"parent":0,"menu_order":0,"comment_status":"closed","ping_status":"closed","template":"template-builder.php","meta":{"_acf_changed":false,"inline_featured_image":false,"footnotes":""},"class_list":["post-1465","page","type-page","status-publish","hentry"],"acf":[],"yoast_head":"<!-- This site is optimized with the Yoast SEO plugin v27.3 - https:\/\/yoast.com\/product\/yoast-seo-wordpress\/ -->\n<title>Retrozino Inloggen \u2013 Registreren en account beheren<\/title>\n<meta name=\"description\" content=\"Maak, beheer en verifieer eenvoudig uw Retrozino Casino-account met snelle registratie, naadloos accountherstel en veilige accountbe\u00ebindiging, waardoor u 24\/7 bescherming geniet via Retrozino Login.\" \/>\n<meta name=\"robots\" content=\"index, follow, max-snippet:-1, max-image-preview:large, max-video-preview:-1\" \/>\n<link rel=\"canonical\" href=\"https:\/\/retrozinocasino.com\/nl\/inloggen-en-registreren\/\" \/>\n<meta property=\"og:locale\" content=\"nl_NL\" \/>\n<meta property=\"og:type\" content=\"article\" \/>\n<meta property=\"og:title\" content=\"Retrozino Inloggen \u2013 Registreren en account beheren\" \/>\n<meta property=\"og:description\" content=\"Maak, beheer en verifieer eenvoudig uw Retrozino Casino-account met snelle registratie, naadloos accountherstel en veilige accountbe\u00ebindiging, waardoor u 24\/7 bescherming geniet via Retrozino Login.\" \/>\n<meta property=\"og:url\" content=\"https:\/\/retrozinocasino.com\/nl\/inloggen-en-registreren\/\" \/>\n<meta property=\"og:site_name\" content=\"retrozino\" \/>\n<meta property=\"article:modified_time\" content=\"2025-12-01T12:54:46+00:00\" \/>\n<meta name=\"twitter:card\" content=\"summary_large_image\" \/>\n<meta name=\"twitter:label1\" content=\"Est. reading time\" \/>\n\t<meta name=\"twitter:data1\" content=\"1 minute\" \/>\n<script type=\"application\/ld+json\" class=\"yoast-schema-graph\">{\"@context\":\"https:\\\/\\\/schema.org\",\"@graph\":[{\"@type\":\"WebPage\",\"@id\":\"https:\\\/\\\/retrozinocasino.com\\\/nl\\\/inloggen-en-registreren\\\/\",\"url\":\"https:\\\/\\\/retrozinocasino.com\\\/nl\\\/inloggen-en-registreren\\\/\",\"name\":\"Retrozino Inloggen \u2013 Registreren en account beheren\",\"isPartOf\":{\"@id\":\"https:\\\/\\\/retrozinocasino.com\\\/nl\\\/#website\"},\"datePublished\":\"2025-12-01T12:52:45+00:00\",\"dateModified\":\"2025-12-01T12:54:46+00:00\",\"description\":\"Maak, beheer en verifieer eenvoudig uw Retrozino Casino-account met snelle registratie, naadloos accountherstel en veilige accountbe\u00ebindiging, waardoor u 24\\\/7 bescherming geniet via Retrozino Login.\",\"breadcrumb\":{\"@id\":\"https:\\\/\\\/retrozinocasino.com\\\/nl\\\/inloggen-en-registreren\\\/#breadcrumb\"},\"inLanguage\":\"nl-NL\",\"potentialAction\":[{\"@type\":\"ReadAction\",\"target\":[\"https:\\\/\\\/retrozinocasino.com\\\/nl\\\/inloggen-en-registreren\\\/\"]}]},{\"@type\":\"BreadcrumbList\",\"@id\":\"https:\\\/\\\/retrozinocasino.com\\\/nl\\\/inloggen-en-registreren\\\/#breadcrumb\",\"itemListElement\":[{\"@type\":\"ListItem\",\"position\":1,\"name\":\"Retrozino\",\"item\":\"https:\\\/\\\/retrozinocasino.com\\\/nl\\\/\"},{\"@type\":\"ListItem\",\"position\":2,\"name\":\"Inloggen en Registreren\"}]},{\"@type\":\"WebSite\",\"@id\":\"https:\\\/\\\/retrozinocasino.com\\\/nl\\\/#website\",\"url\":\"https:\\\/\\\/retrozinocasino.com\\\/nl\\\/\",\"name\":\"Retrozino\",\"description\":\"\",\"publisher\":{\"@id\":\"https:\\\/\\\/retrozinocasino.com\\\/nl\\\/#organization\"},\"potentialAction\":[{\"@type\":\"SearchAction\",\"target\":{\"@type\":\"EntryPoint\",\"urlTemplate\":\"https:\\\/\\\/retrozinocasino.com\\\/nl\\\/?s={search_term_string}\"},\"query-input\":{\"@type\":\"PropertyValueSpecification\",\"valueRequired\":true,\"valueName\":\"search_term_string\"}}],\"inLanguage\":\"nl-NL\"},{\"@type\":\"Organization\",\"@id\":\"https:\\\/\\\/retrozinocasino.com\\\/nl\\\/#organization\",\"name\":\"Retrozino\",\"url\":\"https:\\\/\\\/retrozinocasino.com\\\/nl\\\/\",\"logo\":{\"@type\":\"ImageObject\",\"inLanguage\":\"nl-NL\",\"@id\":\"https:\\\/\\\/retrozinocasino.com\\\/nl\\\/#\\\/schema\\\/logo\\\/image\\\/\",\"url\":\"https:\\\/\\\/retrozinocasino.com\\\/wp-content\\\/uploads\\\/2025\\\/12\\\/logo-2.svg\",\"contentUrl\":\"https:\\\/\\\/retrozinocasino.com\\\/wp-content\\\/uploads\\\/2025\\\/12\\\/logo-2.svg\",\"caption\":\"Retrozino\"},\"image\":{\"@id\":\"https:\\\/\\\/retrozinocasino.com\\\/nl\\\/#\\\/schema\\\/logo\\\/image\\\/\"}}]}<\/script>\n<!-- \/ Yoast SEO plugin. -->","yoast_head_json":{"title":"Retrozino Inloggen \u2013 Registreren en account beheren","description":"Maak, beheer en verifieer eenvoudig uw Retrozino Casino-account met snelle registratie, naadloos accountherstel en veilige accountbe\u00ebindiging, waardoor u 24\/7 bescherming geniet via Retrozino Login.","robots":{"index":"index","follow":"follow","max-snippet":"max-snippet:-1","max-image-preview":"max-image-preview:large","max-video-preview":"max-video-preview:-1"},"canonical":"https:\/\/retrozinocasino.com\/nl\/inloggen-en-registreren\/","og_locale":"nl_NL","og_type":"article","og_title":"Retrozino Inloggen \u2013 Registreren en account beheren","og_description":"Maak, beheer en verifieer eenvoudig uw Retrozino Casino-account met snelle registratie, naadloos accountherstel en veilige accountbe\u00ebindiging, waardoor u 24\/7 bescherming geniet via Retrozino Login.","og_url":"https:\/\/retrozinocasino.com\/nl\/inloggen-en-registreren\/","og_site_name":"retrozino","article_modified_time":"2025-12-01T12:54:46+00:00","twitter_card":"summary_large_image","twitter_misc":{"Est. reading time":"1 minute"},"schema":{"@context":"https:\/\/schema.org","@graph":[{"@type":"WebPage","@id":"https:\/\/retrozinocasino.com\/nl\/inloggen-en-registreren\/","url":"https:\/\/retrozinocasino.com\/nl\/inloggen-en-registreren\/","name":"Retrozino Inloggen \u2013 Registreren en account beheren","isPartOf":{"@id":"https:\/\/retrozinocasino.com\/nl\/#website"},"datePublished":"2025-12-01T12:52:45+00:00","dateModified":"2025-12-01T12:54:46+00:00","description":"Maak, beheer en verifieer eenvoudig uw Retrozino Casino-account met snelle registratie, naadloos accountherstel en veilige accountbe\u00ebindiging, waardoor u 24\/7 bescherming geniet via Retrozino Login.","breadcrumb":{"@id":"https:\/\/retrozinocasino.com\/nl\/inloggen-en-registreren\/#breadcrumb"},"inLanguage":"nl-NL","potentialAction":[{"@type":"ReadAction","target":["https:\/\/retrozinocasino.com\/nl\/inloggen-en-registreren\/"]}]},{"@type":"BreadcrumbList","@id":"https:\/\/retrozinocasino.com\/nl\/inloggen-en-registreren\/#breadcrumb","itemListElement":[{"@type":"ListItem","position":1,"name":"Retrozino","item":"https:\/\/retrozinocasino.com\/nl\/"},{"@type":"ListItem","position":2,"name":"Inloggen en Registreren"}]},{"@type":"WebSite","@id":"https:\/\/retrozinocasino.com\/nl\/#website","url":"https:\/\/retrozinocasino.com\/nl\/","name":"Retrozino","description":"","publisher":{"@id":"https:\/\/retrozinocasino.com\/nl\/#organization"},"potentialAction":[{"@type":"SearchAction","target":{"@type":"EntryPoint","urlTemplate":"https:\/\/retrozinocasino.com\/nl\/?s={search_term_string}"},"query-input":{"@type":"PropertyValueSpecification","valueRequired":true,"valueName":"search_term_string"}}],"inLanguage":"nl-NL"},{"@type":"Organization","@id":"https:\/\/retrozinocasino.com\/nl\/#organization","name":"Retrozino","url":"https:\/\/retrozinocasino.com\/nl\/","logo":{"@type":"ImageObject","inLanguage":"nl-NL","@id":"https:\/\/retrozinocasino.com\/nl\/#\/schema\/logo\/image\/","url":"https:\/\/retrozinocasino.com\/wp-content\/uploads\/2025\/12\/logo-2.svg","contentUrl":"https:\/\/retrozinocasino.com\/wp-content\/uploads\/2025\/12\/logo-2.svg","caption":"Retrozino"},"image":{"@id":"https:\/\/retrozinocasino.com\/nl\/#\/schema\/logo\/image\/"}}]}},"_links":{"self":[{"href":"https:\/\/retrozinocasino.com\/nl\/wp-json\/wp\/v2\/pages\/1465","targetHints":{"allow":["GET"]}}],"collection":[{"href":"https:\/\/retrozinocasino.com\/nl\/wp-json\/wp\/v2\/pages"}],"about":[{"href":"https:\/\/retrozinocasino.com\/nl\/wp-json\/wp\/v2\/types\/page"}],"author":[{"embeddable":true,"href":"https:\/\/retrozinocasino.com\/nl\/wp-json\/wp\/v2\/users\/1"}],"replies":[{"embeddable":true,"href":"https:\/\/retrozinocasino.com\/nl\/wp-json\/wp\/v2\/comments?post=1465"}],"version-history":[{"count":2,"href":"https:\/\/retrozinocasino.com\/nl\/wp-json\/wp\/v2\/pages\/1465\/revisions"}],"predecessor-version":[{"id":1467,"href":"https:\/\/retrozinocasino.com\/nl\/wp-json\/wp\/v2\/pages\/1465\/revisions\/1467"}],"wp:attachment":[{"href":"https:\/\/retrozinocasino.com\/nl\/wp-json\/wp\/v2\/media?parent=1465"}],"curies":[{"name":"wp","href":"https:\/\/api.w.org\/{rel}","templated":true}]}}